{"id":8250,"date":"2025-03-25T15:16:20","date_gmt":"2025-03-25T19:16:20","guid":{"rendered":"https:\/\/www.tidan.com\/?page_id=8250"},"modified":"2025-03-25T15:56:32","modified_gmt":"2025-03-25T19:56:32","slug":"conditions-utilisation","status":"publish","type":"page","link":"https:\/\/www.tidan.com\/fr\/conditions-utilisation\/","title":{"rendered":"Conditions d&rsquo;utilisation"},"content":{"rendered":"\t\t<div data-elementor-type=\"wp-page\" data-elementor-id=\"8250\" class=\"elementor elementor-8250\" data-elementor-post-type=\"page\">\n\t\t\t\t<div class=\"elementor-element elementor-element-843b476 e-flex e-con-boxed e-con e-parent\" data-id=\"843b476\" data-element_type=\"container\" data-e-type=\"container\" data-settings=\"{&quot;jet_parallax_layout_list&quot;:[]}\">\n\t\t\t\t\t<div class=\"e-con-inner\">\n\t\t\t\t<div class=\"elementor-element elementor-element-57207fa elementor-widget elementor-widget-heading\" data-id=\"57207fa\" data-element_type=\"widget\" data-e-type=\"widget\" data-widget_type=\"heading.default\">\n\t\t\t\t<div class=\"elementor-widget-container\">\n\t\t\t\t\t<h1 class=\"elementor-heading-title elementor-size-default\">Conditions d\u2019utilisation du Site Web de Tidan<\/h1>\t\t\t\t<\/div>\n\t\t\t\t<\/div>\n\t\t\t\t<div class=\"elementor-element elementor-element-82be245 elementor-widget elementor-widget-text-editor\" data-id=\"82be245\" data-element_type=\"widget\" data-e-type=\"widget\" data-widget_type=\"text-editor.default\">\n\t\t\t\t<div class=\"elementor-widget-container\">\n\t\t\t\t\t\t\t\t\t\n<p><strong>VEUILLEZ LIRE LA PR\u00c9SENTE CONVENTION ATTENTIVEMENT; ELLE R\u00c9GIT L\u2019UTILISATION QUE VOUS FAITES DE CE SITE WEB. LA PR\u00c9SENTE CONVENTION EXON\u00c8RE LE\u00a0GROUPE H\u00d4TELIER TIDAN\u00a0ET D\u2019AUTRES PERSONNES DE TOUTE RESPONSABILIT\u00c9 OU LIMITE LEUR RESPONSABILIT\u00c9, ET COMPREND D\u2019AUTRES DISPOSITIONS IMPORTANTES QUE VOUS DEVRIEZ LIRE.<\/strong><\/p>\n\n<ol class=\"wp-block-list\">\n<li><em>Parties<\/em>. Les pr\u00e9sentes conditions d\u2019utilisation, ainsi que la\u00a0<a href=\"https:\/\/www.tidan.com\/fr\/politique-de-protection\/\">politique de protection de la vie priv\u00e9e du Groupe h\u00f4telier Tidan<\/a>, constituent une convention entre vous, l\u2019ensemble des personnes que vous repr\u00e9sentez et Tidan inc. (\u00ab\u00a0<strong>Tidan<\/strong><strong>\u00a0<\/strong>\u00bb) en ce qui concerne votre acc\u00e8s au site www.tidan.com (collectivement, le \u00ab\u00a0<strong>site Web<\/strong>\u00a0\u00bb) et votre utilisation de ce dernier, ainsi que l\u2019ensemble des services, produits, contenus et renseignements disponibles sur le site Web ou par l\u2019interm\u00e9diaire de celui-ci.<\/li>\n\n<li><em>Acceptation<\/em>.\u00a0Chaque fois que vous utilisez le site Web, vous confirmez que vous acceptez d\u2019\u00eatre li\u00e9 par les pr\u00e9sentes conditions d\u2019utilisation dans leur version mise \u00e0 jour, et vous d\u00e9clarez et garantissez que vous avez le pouvoir juridique d\u2019accepter les pr\u00e9sentes conditions d\u2019utilisation en votre nom et au nom de toute personne dont vous vous pr\u00e9sentez comme le repr\u00e9sentant. Si vous n\u2019acceptez pas chacune des dispositions des pr\u00e9sentes conditions d\u2019utilisation ou si vous n\u2019avez pas le pouvoir d\u2019accepter les pr\u00e9sentes conditions d\u2019utilisation au nom de la personne que vous repr\u00e9sentez, vous ne devez pas acc\u00e9der au site Web ni l\u2019utiliser.<\/li>\n\n<li><em>Politique d\u2019annulation<\/em>.\u00a0Si vous utilisez le site Web pour r\u00e9server une chambre d\u2019h\u00f4tel, votre r\u00e9servation est assujettie \u00e0 la politique d\u2019annulation qui vous est pr\u00e9sent\u00e9e au moment de la r\u00e9servation.<\/li>\n\n<li><em>Modifications<\/em>.\u00a0Tidan peut, \u00e0 l\u2019occasion et \u00e0 sa seule discr\u00e9tion, modifier les pr\u00e9sentes conditions d\u2019utilisation pour toute utilisation post\u00e9rieure du site Web en affichant les conditions d\u2019utilisation r\u00e9vis\u00e9es sur le site Web.\u00a0Il vous incombe de consulter les conditions d\u2019utilisation p\u00e9riodiquement avant d\u2019utiliser le site Web.\u00a0En utilisant le site Web apr\u00e8s l\u2019affichage de conditions d\u2019utilisation r\u00e9vis\u00e9es, vous consentez \u00e0 \u00eatre li\u00e9 par les conditions d\u2019utilisation r\u00e9vis\u00e9es. Vous ne pouvez modifier les pr\u00e9sentes conditions d\u2019utilisation d\u2019aucune mani\u00e8re.<\/li>\n\n<li><em>Utilisation autoris\u00e9e<\/em>.\u00a0Vous n\u2019\u00eates autoris\u00e9 \u00e0 utiliser le site Web que de la mani\u00e8re express\u00e9ment d\u00e9crite dans les pr\u00e9sentes conditions d\u2019utilisation, sous r\u00e9serve des lois applicables. L\u2019utilisation du site Web \u00e0 toute autre fin ou de toute autre mani\u00e8re est strictement interdite. Vous pouvez imprimer les pages du site Web \u00e0 des fins personnelles, \u00e0 la condition de ne modifier aucune de ces pages et de ne supprimer ou modifier aucune marque d\u2019identification ou marque de commerce ni aucun avis ou d\u00e9charge de responsabilit\u00e9, visible ou non. Il est interdit de copier, de reproduire, de republier, de t\u00e9l\u00e9charger, d\u2019afficher, de transmettre, de modifier, d\u2019indexer, de cataloguer, de dupliquer ou de distribuer, de quelque fa\u00e7on que ce soit, le site Web et son contenu, en tout ou en partie, sans avoir obtenu le consentement \u00e9crit expr\u00e8s de Tidan au pr\u00e9alable. Il est interdit de vendre ou de revendre toute partie du site Web ou l\u2019acc\u00e8s au site Web.<\/li>\n\n<li><em>Absence de garantie<\/em>. M\u00eame si Tidan s\u2019efforce de fournir des renseignements \u00e0 jour et exacts, notamment sur les disponibilit\u00e9s, les prix, les tarifs et les frais associ\u00e9s aux services offerts sur le site Web, des inexactitudes, des omissions ou d\u2019autres erreurs peuvent parfois survenir. Tidan ne peut pas garantir que l\u2019ensemble du contenu et des renseignements fournis sur le site Web sont toujours exacts, complets et \u00e0 jour. Dans la mesure permise par la loi, Tidan se r\u00e9serve le droit de corriger toute erreur, inexactitude ou omission \u00e0 tout moment, sans pr\u00e9avis et sans engager sa responsabilit\u00e9 envers vous ou toute autre personne.<\/li>\n\n<li><em>Exactitude<\/em>.\u00a0Tous les renseignements que vous fournissez au moyen du pr\u00e9sent site Web, y compris les renseignements relatifs \u00e0 une inscription, \u00e0 un paiement ou \u00e0 une transaction, doivent \u00eatre vrais, exacts, \u00e0 jour et complets. Tidan se fie aux renseignements que vous fournissez. Vous \u00eates l\u2019unique responsable de toute perte, tout dommage et tout co\u00fbt additionnel que vous, Tidan ou toute autre personne pouvez encourir en raison du fait que vous avez fourni des renseignements faux, inexacts ou incomplets ou en raison de votre omission de mettre \u00e0 jour les renseignements relatifs \u00e0 votre inscription et \u00e0 votre paiement.<\/li>\n\n<li><em>Liens, etc<\/em>.\u00a0Il est strictement interdit de cr\u00e9er des liens vers le site Web sans l\u2019autorisation \u00e9crite expresse de Tidan. Le cadrage, la duplication, le moissonnage ou l\u2019exploration de donn\u00e9es du site Web ou de son contenu (ou toute variante de ces proc\u00e9d\u00e9s), sous quelque forme que ce soit et de quelque mani\u00e8re que ce soit, sont strictement interdits. Il est interdit d\u2019utiliser des technologies de navigation ou d\u2019affichage collaboratives relativement \u00e0 votre utilisation du site Web ou de publier des commentaires, des communications ou quelque autre forme de donn\u00e9es que ce soit sur le site Web avec l\u2019intention que de telles publications soient vues par les autres utilisateurs du site Web.<\/li>\n\n<li><em>Propri\u00e9t\u00e9<\/em>.\u00a0Le site Web, y compris son contenu, les textes, les \u00e9l\u00e9ments graphiques, les scripts, la pr\u00e9sentation et les autres renseignements compris dans le texte, les \u00e9l\u00e9ments graphiques, les bandes audio et vid\u00e9o, les logiciels, les motifs, les applications, les donn\u00e9es et tout autre \u00e9l\u00e9ment disponible sur le site Web ou par l\u2019interm\u00e9diaire de celui-ci (le \u00ab\u00a0<strong>contenu<\/strong><strong>\u00a0<\/strong>\u00bb), notamment la mani\u00e8re dont le contenu est pr\u00e9sent\u00e9 ou montr\u00e9, est et demeure la propri\u00e9t\u00e9 de Tidan et de ses conc\u00e9dants de licence et est prot\u00e9g\u00e9 par les lois sur le droit d\u2019auteur et les marques de commerce, ainsi que par d\u2019autres lois sur la propri\u00e9t\u00e9 intellectuelle. Votre utilisation du site Web ne vous conf\u00e8re aucunement la propri\u00e9t\u00e9 du site Web ou de son contenu ou tout autre droit aff\u00e9rent. Les suggestions, id\u00e9es, demandes d\u2019am\u00e9lioration, observations, recommandations ou autres renseignements que vous fournissez ou qui sont fournis par toute personne dont vous \u00eates le repr\u00e9sentant, y compris, sans s\u2019y limiter, les droits de brevet, droits aff\u00e9rents \u00e0 une marque de commerce, droits sur un dessin industriel ou droits d\u2019auteur, sont et demeurent la propri\u00e9t\u00e9 exclusive de Tidan.<\/li>\n\n<li><em>Marques de commerce<\/em>.\u00a0\u00ab\u00a0Tidan\u00a0\u00bb,\u00a0et les autres noms et logos figurant sur le site Web ou se rapportant \u00e0 celui-ci (les \u00ab\u00a0<strong>marques de commerce<\/strong>\u00a0\u00bb) sont des marques de commerce, noms commerciaux et logos, d\u00e9pos\u00e9s ou non, que Tidan ou ses propri\u00e9taires ou titulaires de licence respectifs poss\u00e8dent ou pour lesquels ils d\u00e9tiennent une licence. Il est strictement interdit d\u2019utiliser les marques de commerce d\u2019une fa\u00e7on autre que celle express\u00e9ment pr\u00e9vue par les pr\u00e9sentes conditions d\u2019utilisation. Aucune mention figurant sur le site Web ne doit \u00eatre interpr\u00e9t\u00e9e de fa\u00e7on \u00e0 accorder une licence ou un droit d\u2019utilisation des marques de commerce.<\/li>\n\n<li><em>Politique de protection de la vie priv\u00e9e<\/em>.\u00a0Tidan\u00a0recueille, utilise et divulgue les renseignements personnels conform\u00e9ment \u00e0 sa politique de protection de la vie priv\u00e9e, \u00e0 laquelle les pr\u00e9sentes conditions d\u2019utilisation sont int\u00e9gr\u00e9es par renvoi et qui est accessible sur le site Web.\u00a0Tidan\u00a0peut, \u00e0 l\u2019occasion et \u00e0 sa seule discr\u00e9tion, modifier cette politique de protection de la vie priv\u00e9e, sans pr\u00e9avis et sans engager sa responsabilit\u00e9 envers vous ou toute autre personne, en affichant la politique de protection de la vie priv\u00e9e modifi\u00e9e sur le site Web. Chaque fois que vous utilisez le site Web, vous consentez \u00e0 ce que\u00a0Tidan\u00a0recueille, utilise et divulgue vos renseignements personnels conform\u00e9ment \u00e0 sa politique de protection de la vie priv\u00e9e telle qu\u2019elle existe au moment pertinent.<\/li>\n\n<li><em>Sites li\u00e9s<\/em>.\u00a0\u00c0 des fins de commodit\u00e9, le site Web peut inclure des liens ou des renvois \u00e0 d\u2019autres sites Web ou ressources et \u00e0 des entreprises exploit\u00e9es par d\u2019autres personnes (collectivement, les \u00ab\u00a0<strong>sites li\u00e9s<\/strong>\u00a0\u00bb). Les sites li\u00e9s sont ind\u00e9pendants de Tidan, et Tidan n\u2019est aucunement responsable des sites li\u00e9s ou de leurs activit\u00e9s, produits, services ou contenu et n\u2019exerce aucun contr\u00f4le sur ceux-ci. Tidan ne commandite et ne recommande pas les sites li\u00e9s ou leurs activit\u00e9s, produits, services ou contenu, \u00e0 moins d\u2019indication expresse par \u00e9crit. Si vous utilisez les sites li\u00e9s et faites affaire avec les propri\u00e9taires ou exploitants de sites de tiers, vous le faites \u00e0 vos propres risques, et vous vous engagez \u00e0 ne pr\u00e9senter aucune r\u00e9clamation contre Tidan li\u00e9e \u00e0 votre utilisation des sites li\u00e9s ou \u00e0 vos relations avec leurs propri\u00e9taires ou exploitants.<\/li>\n\n<li><em>Concours<\/em>.\u00a0De temps \u00e0 autre,\u00a0Tidan\u00a0peut organiser des concours \u00e0 l\u2019intention des utilisateurs du site Web et d\u2019autres personnes. Tous les concours sont r\u00e9gis par les pr\u00e9sentes conditions d\u2019utilisation et le r\u00e8glement du concours applicable. Lorsque vous participez \u00e0 un concours par l\u2019entremise du site Web, vous confirmez votre acceptation des pr\u00e9sentes conditions d\u2019utilisation et du r\u00e8glement du concours applicable.<\/li>\n\n<li><em>D\u00e9n\u00e9gation de responsabilit\u00e9<\/em>.\u00a0VOUS ACC\u00c9DEZ AU SITE WEB ET VOUS L\u2019UTILISEZ \u00c0 VOS PROPRES RISQUES. LE SITE WEB VOUS EST FOURNI \u00ab\u00a0TEL QUEL\u00a0\u00bb ET \u00ab\u00a0SELON LES DISPONIBILIT\u00c9S\u00a0\u00bb, SANS AUCUNE D\u00c9CLARATION, GARANTIE OU CONDITION DE QUELQUE NATURE QUE CE SOIT, QU\u2019ELLE SOIT EXPLICITE OU IMPLICITE, Y COMPRIS, SANS S\u2019Y LIMITER, UNE D\u00c9CLARATION, UNE GARANTIE OU UNE CONDITION IMPLICITE RELATIVE \u00c0 L\u2019EXACTITUDE, LA V\u00c9RACIT\u00c9, L\u2019EXHAUSTIVIT\u00c9, L\u2019ACTUALIT\u00c9, LA FIABILIT\u00c9, L\u2019ACCESSIBILIT\u00c9, L\u2019ABSENCE DE CONTREFA\u00c7ON, L\u2019ADAPTATION \u00c0 UN USAGE PARTICULIER, LA QUALIT\u00c9 MARCHANDE, LE RENDEMENT OU LA DURABILIT\u00c9, LA S\u00c9CURIT\u00c9, ET LE FONCTIONNEMENT SANS VIRUS OU ERREUR,\u00a0TIDAN\u00a0S\u2019EXON\u00c9RANT DE TOUTE RESPONSABILIT\u00c9 RELATIVEMENT \u00c0 TOUT CE QUI PR\u00c9C\u00c8DE DANS LA PLEINE MESURE PERMISE PAR LA LOI.<\/li>\n\n<li><em>Exclusions de responsabilit\u00e9<\/em>.\u00a0DANS LA PLEINE MESURE PERMISE PAR LES LOIS APPLICABLES,\u00a0TIDAN\u00a0ET SES CONC\u00c9DANTS ET TITULAIRES DE LICENCE NE SERONT EN AUCUN CAS RESPONSABLES ENVERS VOUS OU TOUTE AUTRE PERSONNE DE PERTES OU DE DOMMAGES DIRECTS, INDIRECTS, ACCESSOIRES, CONS\u00c9CUTIFS, PARTICULIERS, PUNITIFS OU EXEMPLAIRES ATTRIBUABLES OU LI\u00c9S AU SITE WEB OU AUX PR\u00c9SENTES CONDITIONS D\u2019UTILISATION, Y COMPRIS, SANS S\u2019Y LIMITER, UNE PERTE DE DONN\u00c9ES, D\u2019ACTIVIT\u00c9S, D\u2019\u00c9PARGNE, DE REVENUS, DE PROFITS, D\u2019UTILISATION, DE PRODUCTION, DE R\u00c9PUTATION OU D\u2019ACHALANDAGE, PR\u00c9VUE OU NON, OU UNE PERTE \u00c9CONOMIQUE, SELON TOUTE TH\u00c9ORIE DE LA RESPONSABILIT\u00c9, IND\u00c9PENDAMMENT DE TOUTE FAUTE OU DE TOUT ACTE R\u00c9PR\u00c9HENSIBLE (Y COMPRIS, SANS S\u2019Y LIMITER, LA N\u00c9GLIGENCE GRAVE ET LA VIOLATION FONDAMENTALE) IMPUTABLE \u00c0\u00a0TIDAN\u00a0OU \u00c0 TOUTE AUTRE PERSONNE DONT\u00a0TIDAN\u00a0EST RESPONSABLE, M\u00caME SI\u00a0TIDAN\u00a0A \u00c9T\u00c9 INFORM\u00c9E DE L\u2019\u00c9VENTUALIT\u00c9 DE TELLES PERTES OU DE TELS DOMMAGES.<\/li>\n\n<li><em>Lois applicables<\/em>.\u00a0Les pr\u00e9sentes conditions d\u2019utilisation, votre acc\u00e8s au site Web et votre utilisation de celui-ci, ainsi que toute question connexe sont r\u00e9gis uniquement par les lois de la province de Qu\u00e9bec (Canada) et les lois f\u00e9d\u00e9rales du Canada applicables. Dans la mesure permise par les lois applicables, tout diff\u00e9rend entre vous et Tidan ou toute autre personne, attribuable ou li\u00e9 au site Web, aux pr\u00e9sentes conditions d\u2019utilisation ou \u00e0 toute question connexe (collectivement, les \u00ab\u00a0<strong>diff\u00e9rends<\/strong><strong>\u00a0<\/strong>\u00bb), doit \u00eatre r\u00e9gl\u00e9 devant les tribunaux du Qu\u00e9bec, si\u00e9geant dans la ville de Montr\u00e9al, \u00e0 l\u2019exclusion des tribunaux de tout autre territoire, et par les pr\u00e9sentes, vous vous soumettez irr\u00e9vocablement \u00e0 la comp\u00e9tence exclusive de ces tribunaux \u00e0 l\u2019\u00e9gard de tout diff\u00e9rend.<\/li>\n\n<li><em>Restrictions relatives \u00e0 l\u2019utilisation<\/em>.\u00a0Nonobstant toute autre disposition contenue au sein des pr\u00e9sentes conditions d\u2019utilisation, Tidan peut, \u00e0 son enti\u00e8re discr\u00e9tion, modifier, compl\u00e9ter, restreindre ou r\u00e9silier le site Web, en tout ou en partie, sans pr\u00e9avis et sans engager sa responsabilit\u00e9 envers vous ou toute autre personne. Tidan peut, \u00e0 son enti\u00e8re discr\u00e9tion et \u00e0 des fins de commodit\u00e9, r\u00e9silier en tout temps, de fa\u00e7on temporaire ou permanente, les pr\u00e9sentes conditions d\u2019utilisation ou votre autorisation d\u2019acc\u00e9der au site Web et de l\u2019utiliser, sans pr\u00e9avis et sans engager sa responsabilit\u00e9 envers vous ou toute autre personne.<\/li>\n\n<li><em>R\u00e9siliation<\/em>.\u00a0Si les pr\u00e9sentes conditions d\u2019utilisation ou votre autorisation d\u2019acc\u00e9der au site Web ou de l\u2019utiliser en tout ou en partie sont r\u00e9sili\u00e9es pour quelque motif que ce soit, alors a)\u00a0les pr\u00e9sentes conditions d\u2019utilisation et toute autre convention existant entre vous et Tidan continuent de s\u2019appliquer et de vous lier quant \u00e0 votre acc\u00e8s ant\u00e9rieur au site Web et \u00e0 votre utilisation ant\u00e9rieure de celui-ci et quant \u00e0 toute autre question connexe\u00a0et b)\u00a0nous pouvons continuer \u00e0 utiliser et \u00e0 divulguer vos renseignements personnels conform\u00e9ment \u00e0 notre politique de protection de la vie priv\u00e9e, dans sa version modifi\u00e9e. Les articles\u00a05, 8, 9, 10, 11, 12, 13, 14, 15, 16, 17 et 18 continueront de s\u2019appliquer ind\u00e9finiment apr\u00e8s la r\u00e9siliation des pr\u00e9sentes conditions d\u2019utilisation.<\/li>\n\n<li><em>Dissociabilit\u00e9<\/em>.\u00a0Si une disposition des pr\u00e9sentes conditions d\u2019utilisation est jug\u00e9e nulle ou inapplicable pour quelque raison, elle sera consid\u00e9r\u00e9e comme dissociable des conditions d\u2019utilisation, et les dispositions restantes continueront d\u2019\u00eatre pleinement en vigueur.<\/li>\n\n<li><em>Profit<\/em>.\u00a0Les pr\u00e9sentes conditions d\u2019utilisation lient Tidan et ses successeurs, ayants droit et personnes li\u00e9es, ainsi que vous et vos h\u00e9ritiers, ex\u00e9cuteurs testamentaires, administrateurs, successeurs, ayants droit autoris\u00e9s et repr\u00e9sentants successoraux, et s\u2019appliquent \u00e0 leur profit. Vous ne pouvez pas c\u00e9der les pr\u00e9sentes conditions d\u2019utilisation ou les droits et obligations qu\u2019elles vous conf\u00e8rent. Tidan peut c\u00e9der les pr\u00e9sentes conditions d\u2019utilisation et les droits et obligations qu\u2019elles lui conf\u00e8rent sans obtenir votre consentement.<\/li>\n\n<li><em>Non-renonciation<\/em>.\u00a0Tous les droits qui ne sont pas express\u00e9ment conf\u00e9r\u00e9s par les pr\u00e9sentes conditions d\u2019utilisation sont r\u00e9serv\u00e9s \u00e0 Tidan. Aucun consentement ou aucune renonciation de Tidan \u00e0 faire valoir ses droits quant \u00e0 tout manquement ou d\u00e9faut \u00e0 l\u2019\u00e9gard de vos obligations en vertu des pr\u00e9sentes conditions d\u2019utilisation ne sera\u00a0: a)\u00a0consid\u00e9r\u00e9 ou interpr\u00e9t\u00e9 comme constituant un consentement ou une renonciation \u00e0 faire valoir un manquement ou un d\u00e9faut continu ou tout autre manquement ou d\u00e9faut \u00e0 l\u2019\u00e9gard de ces obligations ou de toute autre obligation qui vous incombe ou b)\u00a0valide \u00e0 moins d\u2019avoir \u00e9t\u00e9 exprim\u00e9 par \u00e9crit et sign\u00e9 par Tidan.<\/li>\n\n<li><em>Langue<\/em>.\u00a0Les parties conviennent et exigent express\u00e9ment que les pr\u00e9sentes conditions d\u2019utilisation soient r\u00e9dig\u00e9es en anglais.<\/li>\n\n<li><em>Commentaires ou questions<\/em>.\u00a0Si vous avez des commentaires ou des questions concernant les pr\u00e9sentes conditions d\u2019utilisation, veuillez communiquer avec nous \u00e0 l\u2019adresse suivante\u00a0:<\/li>\n<\/ol>\n<hr class=\"wp-block-separator has-alpha-channel-opacity\" \/>\n<p>Groupe h\u00f4telier et immobilier Tidan<br \/>Si\u00e8ge social<br \/>666, rue Sherbrooke Ouest, bureau\u00a02300<br \/>Montr\u00e9al (Qu\u00e9bec)\u00a0\u00a0H3A\u00a01E7<br \/>T\u00e9l\u00e9phone\u00a0: 514\u00a0845-6393<br \/>T\u00e9l\u00e9copieur\u00a0: 514\u00a0845-8640<br \/>Courriel\u00a0:\u00a0<a href=\"mailto:info@tidan.com\">info@tidan.com<\/a><\/p>\n\t\t\t\t\t\t\t\t<\/div>\n\t\t\t\t<\/div>\n\t\t\t\t\t<\/div>\n\t\t\t\t<\/div>\n\t\t\t\t<\/div>\n\t\t","protected":false},"excerpt":{"rendered":"<p>Conditions d\u2019utilisation du Site Web de Tidan VEUILLEZ LIRE LA PR\u00c9SENTE CONVENTION ATTENTIVEMENT; ELLE R\u00c9GIT L\u2019UTILISATION QUE VOUS FAITES DE CE SITE WEB. LA PR\u00c9SENTE CONVENTION EXON\u00c8RE LE\u00a0GROUPE H\u00d4TELIER TIDAN\u00a0ET D\u2019AUTRES PERSONNES DE TOUTE RESPONSABILIT\u00c9 OU LIMITE LEUR RESPONSABILIT\u00c9, ET COMPREND D\u2019AUTRES DISPOSITIONS IMPORTANTES QUE VOUS DEVRIEZ LIRE. Parties. Les pr\u00e9sentes conditions d\u2019utilisation, ainsi que [&hellip;]<\/p>\n","protected":false},"author":1,"featured_media":0,"parent":0,"menu_order":0,"comment_status":"closed","ping_status":"closed","template":"","meta":{"_acf_changed":false,"_seopress_robots_primary_cat":"","_seopress_titles_title":"","_seopress_titles_desc":"","_seopress_robots_index":"","footnotes":""},"class_list":["post-8250","page","type-page","status-publish","hentry"],"acf":[],"_links":{"self":[{"href":"https:\/\/www.tidan.com\/fr\/wp-json\/wp\/v2\/pages\/8250","targetHints":{"allow":["GET"]}}],"collection":[{"href":"https:\/\/www.tidan.com\/fr\/wp-json\/wp\/v2\/pages"}],"about":[{"href":"https:\/\/www.tidan.com\/fr\/wp-json\/wp\/v2\/types\/page"}],"author":[{"embeddable":true,"href":"https:\/\/www.tidan.com\/fr\/wp-json\/wp\/v2\/users\/1"}],"replies":[{"embeddable":true,"href":"https:\/\/www.tidan.com\/fr\/wp-json\/wp\/v2\/comments?post=8250"}],"version-history":[{"count":7,"href":"https:\/\/www.tidan.com\/fr\/wp-json\/wp\/v2\/pages\/8250\/revisions"}],"predecessor-version":[{"id":8286,"href":"https:\/\/www.tidan.com\/fr\/wp-json\/wp\/v2\/pages\/8250\/revisions\/8286"}],"wp:attachment":[{"href":"https:\/\/www.tidan.com\/fr\/wp-json\/wp\/v2\/media?parent=8250"}],"curies":[{"name":"wp","href":"https:\/\/api.w.org\/{rel}","templated":true}]}}