{"id":7110,"date":"2023-02-15T11:31:46","date_gmt":"2023-02-15T16:31:46","guid":{"rendered":"https:\/\/www.tidan.com\/culture\/"},"modified":"2025-03-10T03:32:38","modified_gmt":"2025-03-10T07:32:38","slug":"culture","status":"publish","type":"page","link":"https:\/\/www.tidan.com\/fr\/apropos\/culture\/","title":{"rendered":"Culture"},"content":{"rendered":"\t\t<div data-elementor-type=\"wp-page\" data-elementor-id=\"7110\" class=\"elementor elementor-7110 elementor-516\" data-elementor-post-type=\"page\">\n\t\t\t\t<div data-dce-background-overlay-color=\"#000000\" data-dce-background-image-url=\"https:\/\/www.tidan.com\/wp-content\/uploads\/culture-tidan.jpg\" class=\"elementor-element elementor-element-ae95e1b cs-hero e-flex e-con-boxed e-con e-parent\" data-id=\"ae95e1b\" data-element_type=\"container\" data-e-type=\"container\" data-settings=\"{&quot;jet_parallax_layout_list&quot;:[],&quot;background_background&quot;:&quot;classic&quot;}\">\n\t\t\t\t\t<div class=\"e-con-inner\">\n\t\t<div class=\"elementor-element elementor-element-80f8f62 e-con-full e-flex e-con e-child\" data-id=\"80f8f62\" data-element_type=\"container\" data-e-type=\"container\" data-settings=\"{&quot;jet_parallax_layout_list&quot;:[]}\">\n\t\t\t\t<div data-dce-title-color=\"#FFFFFF\" class=\"elementor-element elementor-element-277a181 cs-hero-title elementor-widget elementor-widget-heading\" data-id=\"277a181\" data-element_type=\"widget\" data-e-type=\"widget\" data-widget_type=\"heading.default\">\n\t\t\t\t<div class=\"elementor-widget-container\">\n\t\t\t\t\t<h2 class=\"elementor-heading-title elementor-size-default\">CULTURE<\/h2>\t\t\t\t<\/div>\n\t\t\t\t<\/div>\n\t\t\t\t<\/div>\n\t\t\t\t\t<\/div>\n\t\t\t\t<\/div>\n\t\t<div class=\"elementor-element elementor-element-0d9dfad e-flex e-con-boxed e-con e-parent\" data-id=\"0d9dfad\" data-element_type=\"container\" data-e-type=\"container\" data-settings=\"{&quot;jet_parallax_layout_list&quot;:[],&quot;background_background&quot;:&quot;classic&quot;}\">\n\t\t\t\t\t<div class=\"e-con-inner\">\n\t\t<div class=\"elementor-element elementor-element-abbdecd e-flex e-con-boxed e-con e-child\" data-id=\"abbdecd\" data-element_type=\"container\" data-e-type=\"container\" data-settings=\"{&quot;jet_parallax_layout_list&quot;:[]}\">\n\t\t\t\t\t<div class=\"e-con-inner\">\n\t\t\t\t<div class=\"elementor-element elementor-element-cc01aab elementor-widget elementor-widget-heading\" data-id=\"cc01aab\" data-element_type=\"widget\" data-e-type=\"widget\" data-widget_type=\"heading.default\">\n\t\t\t\t<div class=\"elementor-widget-container\">\n\t\t\t\t\t<h2 class=\"elementor-heading-title elementor-size-default\">L\u2019approche de Tidan en mati\u00e8re de ressources humaines<\/h2>\t\t\t\t<\/div>\n\t\t\t\t<\/div>\n\t\t\t\t<div class=\"elementor-element elementor-element-894b3af elementor-widget elementor-widget-text-editor\" data-id=\"894b3af\" data-element_type=\"widget\" data-e-type=\"widget\" data-widget_type=\"text-editor.default\">\n\t\t\t\t<div class=\"elementor-widget-container\">\n\t\t\t\t\t\t\t\t\t<p>Tidan est avant tout une entreprise de services dont la principale ressource est l\u2019\u00eatre humain. C\u2019est pourquoi nous accordons la plus grande importance \u00e0 la gestion de nos ressources humaines. Dans un march\u00e9 de l\u2019emploi en constante \u00e9volution, nous suivons de pr\u00e8s les tendances afin d\u2019assurer un environnement de travail accueillant et stimulant. Nous valorisons avant tout la diversit\u00e9, l\u2019inclusion, la flexibilit\u00e9, le respect et le travail d\u2019\u00e9quipe. Bienvenue chez Tidan\u2009!<\/p>\t\t\t\t\t\t\t\t<\/div>\n\t\t\t\t<\/div>\n\t\t\t\t\t<\/div>\n\t\t\t\t<\/div>\n\t\t\t\t\t<\/div>\n\t\t\t\t<\/div>\n\t\t<div class=\"elementor-element elementor-element-fa261e0 e-flex e-con-boxed e-con e-parent\" data-id=\"fa261e0\" data-element_type=\"container\" data-e-type=\"container\" data-settings=\"{&quot;jet_parallax_layout_list&quot;:[],&quot;background_background&quot;:&quot;classic&quot;}\">\n\t\t\t\t\t<div class=\"e-con-inner\">\n\t\t<div class=\"elementor-element elementor-element-492906e e-flex e-con-boxed e-con e-child\" data-id=\"492906e\" data-element_type=\"container\" data-e-type=\"container\" data-settings=\"{&quot;jet_parallax_layout_list&quot;:[]}\">\n\t\t\t\t\t<div class=\"e-con-inner\">\n\t\t\t\t<div class=\"elementor-element elementor-element-2a2ea33 elementor-widget elementor-widget-heading\" data-id=\"2a2ea33\" data-element_type=\"widget\" data-e-type=\"widget\" data-widget_type=\"heading.default\">\n\t\t\t\t<div class=\"elementor-widget-container\">\n\t\t\t\t\t<h2 class=\"elementor-heading-title elementor-size-default\">Int\u00e9grit\u00e9 et travail d\u2019\u00e9quipe<\/h2>\t\t\t\t<\/div>\n\t\t\t\t<\/div>\n\t\t\t\t<div class=\"elementor-element elementor-element-7549242 elementor-widget elementor-widget-text-editor\" data-id=\"7549242\" data-element_type=\"widget\" data-e-type=\"widget\" data-widget_type=\"text-editor.default\">\n\t\t\t\t<div class=\"elementor-widget-container\">\n\t\t\t\t\t\t\t\t\t<p>Tidan est fond\u00e9e sur l\u2019int\u00e9grit\u00e9 et le travail d\u2019\u00e9quipe. Depuis sa cr\u00e9ation, l\u2019entreprise a favoris\u00e9 un environnement de travail dans lequel tous les membres de l\u2019\u00e9quipe sont profond\u00e9ment appr\u00e9ci\u00e9s et soutenus, du personnel ex\u00e9cutif au personnel administratif. Tout en continuant \u00e0 offrir des services haut de gamme et \u00e0 accro\u00eetre ses actifs, Tidan se soucie \u00e9galement de rendre \u00e0 sa communaut\u00e9 ce qu\u2019elle lui a donn\u00e9.<\/p>\t\t\t\t\t\t\t\t<\/div>\n\t\t\t\t<\/div>\n\t\t\t\t\t<\/div>\n\t\t\t\t<\/div>\n\t\t\t\t\t<\/div>\n\t\t\t\t<\/div>\n\t\t<div class=\"elementor-element elementor-element-bfb6d53 e-flex e-con-boxed e-con e-parent\" data-id=\"bfb6d53\" data-element_type=\"container\" data-e-type=\"container\" data-settings=\"{&quot;jet_parallax_layout_list&quot;:[],&quot;background_background&quot;:&quot;classic&quot;}\">\n\t\t\t\t\t<div class=\"e-con-inner\">\n\t\t<div class=\"elementor-element elementor-element-4177b35 e-flex e-con-boxed e-con e-child\" data-id=\"4177b35\" data-element_type=\"container\" data-e-type=\"container\" data-settings=\"{&quot;jet_parallax_layout_list&quot;:[]}\">\n\t\t\t\t\t<div class=\"e-con-inner\">\n\t\t\t\t<div class=\"elementor-element elementor-element-4c6d5b6 elementor-widget elementor-widget-heading\" data-id=\"4c6d5b6\" data-element_type=\"widget\" data-e-type=\"widget\" data-widget_type=\"heading.default\">\n\t\t\t\t<div class=\"elementor-widget-container\">\n\t\t\t\t\t<h2 class=\"elementor-heading-title elementor-size-default\">Valeurs fondamentales<\/h2>\t\t\t\t<\/div>\n\t\t\t\t<\/div>\n\t\t\t\t<div class=\"elementor-element elementor-element-c13dcd9 elementor-widget elementor-widget-text-editor\" data-id=\"c13dcd9\" data-element_type=\"widget\" data-e-type=\"widget\" data-widget_type=\"text-editor.default\">\n\t\t\t\t<div class=\"elementor-widget-container\">\n\t\t\t\t\t\t\t\t\t<p><strong>1 &gt; Nous valorisons nos collaborateurs<\/strong><br \/>En offrant une r\u00e9mun\u00e9ration et des avantages concurrentiels, en aidant nos collaborateurs \u00e0 se d\u00e9velopper, tout en encourageant l\u2019\u00e9quilibre entre vie professionnelle et vie priv\u00e9e. Nous respectons nos collaborateurs et valorisons la diversit\u00e9, l\u2019\u00e9quit\u00e9 et l\u2019inclusion.<\/p><p><strong>2 &gt; Qualit\u00e9 et excellence<\/strong><br \/>Nous sommes passionn\u00e9s par le fait de toujours nous efforcer d\u2019\u00eatre les meilleurs possibles.<\/p><p><strong>3 &gt; Int\u00e9grit\u00e9<\/strong><br \/>Collectivement, nous respectons les normes \u00e9thiques de notre organisation. Individuellement, nous nous effor\u00e7ons de promouvoir l\u2019int\u00e9grit\u00e9 par l\u2019honn\u00eatet\u00e9 et l\u2019\u00e9quit\u00e9 dans toutes nos interactions.<\/p><p><strong>4 &gt; Engagement communautaire<\/strong><br \/>Nous croyons qu\u2019il faut rendre \u00e0 la communaut\u00e9 le temps, l\u2019\u00e9nergie et les ressources dont nous disposons pour rendre le monde meilleur.<\/p>\t\t\t\t\t\t\t\t<\/div>\n\t\t\t\t<\/div>\n\t\t\t\t\t<\/div>\n\t\t\t\t<\/div>\n\t\t\t\t\t<\/div>\n\t\t\t\t<\/div>\n\t\t<div class=\"elementor-element elementor-element-747727a e-flex e-con-boxed e-con e-parent\" data-id=\"747727a\" data-element_type=\"container\" data-e-type=\"container\" data-settings=\"{&quot;jet_parallax_layout_list&quot;:[],&quot;background_background&quot;:&quot;classic&quot;}\">\n\t\t\t\t\t<div class=\"e-con-inner\">\n\t\t<div class=\"elementor-element elementor-element-bbdb5d5 e-flex e-con-boxed e-con e-child\" data-id=\"bbdb5d5\" data-element_type=\"container\" data-e-type=\"container\" data-settings=\"{&quot;jet_parallax_layout_list&quot;:[]}\">\n\t\t\t\t\t<div class=\"e-con-inner\">\n\t\t\t\t<div class=\"elementor-element elementor-element-0c067f8 elementor-widget elementor-widget-heading\" data-id=\"0c067f8\" data-element_type=\"widget\" data-e-type=\"widget\" data-widget_type=\"heading.default\">\n\t\t\t\t<div class=\"elementor-widget-container\">\n\t\t\t\t\t<h2 class=\"elementor-heading-title elementor-size-default\">\u00c9nonc\u00e9 de vision d'avenir<\/h2>\t\t\t\t<\/div>\n\t\t\t\t<\/div>\n\t\t\t\t<div class=\"elementor-element elementor-element-a297382 elementor-widget elementor-widget-text-editor\" data-id=\"a297382\" data-element_type=\"widget\" data-e-type=\"widget\" data-widget_type=\"text-editor.default\">\n\t\t\t\t<div class=\"elementor-widget-container\">\n\t\t\t\t\t\t\t\t\t<p>Atteindre une croissance soutenue et d\u00e9velopper une r\u00e9putation de premier groupe h\u00f4telier et immobilier sur notre march\u00e9, tant pour nos clients que pour notre personnel, en garantissant les plus hauts niveaux de qualit\u00e9 de service \u00e0 la client\u00e8le, d\u2019int\u00e9grit\u00e9 et d\u2019impact sur la communaut\u00e9.<\/p>\t\t\t\t\t\t\t\t<\/div>\n\t\t\t\t<\/div>\n\t\t\t\t\t<\/div>\n\t\t\t\t<\/div>\n\t\t\t\t\t<\/div>\n\t\t\t\t<\/div>\n\t\t\t\t<\/div>\n\t\t","protected":false},"excerpt":{"rendered":"<p>CULTURE L\u2019approche de Tidan en mati\u00e8re de ressources humaines Tidan est avant tout une entreprise de services dont la principale ressource est l\u2019\u00eatre humain. C\u2019est pourquoi nous accordons la plus grande importance \u00e0 la gestion de nos ressources humaines. Dans un march\u00e9 de l\u2019emploi en constante \u00e9volution, nous suivons de pr\u00e8s les tendances afin d\u2019assurer [&hellip;]<\/p>\n","protected":false},"author":1,"featured_media":0,"parent":7114,"menu_order":0,"comment_status":"closed","ping_status":"closed","template":"","meta":{"_acf_changed":false,"_seopress_robots_primary_cat":"","_seopress_titles_title":"","_seopress_titles_desc":"","_seopress_robots_index":"","footnotes":""},"class_list":["post-7110","page","type-page","status-publish","hentry"],"acf":[],"_links":{"self":[{"href":"https:\/\/www.tidan.com\/fr\/wp-json\/wp\/v2\/pages\/7110","targetHints":{"allow":["GET"]}}],"collection":[{"href":"https:\/\/www.tidan.com\/fr\/wp-json\/wp\/v2\/pages"}],"about":[{"href":"https:\/\/www.tidan.com\/fr\/wp-json\/wp\/v2\/types\/page"}],"author":[{"embeddable":true,"href":"https:\/\/www.tidan.com\/fr\/wp-json\/wp\/v2\/users\/1"}],"replies":[{"embeddable":true,"href":"https:\/\/www.tidan.com\/fr\/wp-json\/wp\/v2\/comments?post=7110"}],"version-history":[{"count":20,"href":"https:\/\/www.tidan.com\/fr\/wp-json\/wp\/v2\/pages\/7110\/revisions"}],"predecessor-version":[{"id":7612,"href":"https:\/\/www.tidan.com\/fr\/wp-json\/wp\/v2\/pages\/7110\/revisions\/7612"}],"up":[{"embeddable":true,"href":"https:\/\/www.tidan.com\/fr\/wp-json\/wp\/v2\/pages\/7114"}],"wp:attachment":[{"href":"https:\/\/www.tidan.com\/fr\/wp-json\/wp\/v2\/media?parent=7110"}],"curies":[{"name":"wp","href":"https:\/\/api.w.org\/{rel}","templated":true}]}}