{"id":7109,"date":"2023-02-15T11:32:10","date_gmt":"2023-02-15T16:32:10","guid":{"rendered":"https:\/\/www.tidan.com\/leadership\/"},"modified":"2025-03-09T09:58:42","modified_gmt":"2025-03-09T13:58:42","slug":"leadership","status":"publish","type":"page","link":"https:\/\/www.tidan.com\/fr\/apropos\/leadership\/","title":{"rendered":"Leadership"},"content":{"rendered":"\t\t<div data-elementor-type=\"wp-page\" data-elementor-id=\"7109\" class=\"elementor elementor-7109 elementor-518\" data-elementor-post-type=\"page\">\n\t\t\t\t<div data-dce-background-overlay-color=\"#000000\" data-dce-background-image-url=\"https:\/\/www.tidan.com\/wp-content\/uploads\/JackSofer-MikeYuval-PhilGurein-SergeCapozzo-FrankVela.jpg\" class=\"elementor-element elementor-element-138c038 cs-hero e-flex e-con-boxed e-con e-parent\" data-id=\"138c038\" data-element_type=\"container\" data-e-type=\"container\" data-settings=\"{&quot;jet_parallax_layout_list&quot;:[],&quot;background_background&quot;:&quot;classic&quot;}\">\n\t\t\t\t\t<div class=\"e-con-inner\">\n\t\t<div class=\"elementor-element elementor-element-e66696f e-con-full e-flex e-con e-child\" data-id=\"e66696f\" data-element_type=\"container\" data-e-type=\"container\" data-settings=\"{&quot;jet_parallax_layout_list&quot;:[]}\">\n\t\t\t\t<div data-dce-title-color=\"#FFFFFF\" class=\"elementor-element elementor-element-149707c cs-hero-title elementor-widget elementor-widget-heading\" data-id=\"149707c\" data-element_type=\"widget\" data-e-type=\"widget\" data-widget_type=\"heading.default\">\n\t\t\t\t<div class=\"elementor-widget-container\">\n\t\t\t\t\t<h2 class=\"elementor-heading-title elementor-size-default\">LEADERSHIP<\/h2>\t\t\t\t<\/div>\n\t\t\t\t<\/div>\n\t\t\t\t<\/div>\n\t\t\t\t\t<\/div>\n\t\t\t\t<\/div>\n\t\t<div class=\"elementor-element elementor-element-c0109da e-flex e-con-boxed e-con e-parent\" data-id=\"c0109da\" data-element_type=\"container\" data-e-type=\"container\" data-settings=\"{&quot;jet_parallax_layout_list&quot;:[]}\">\n\t\t\t\t\t<div class=\"e-con-inner\">\n\t\t\t\t<div class=\"elementor-element elementor-element-cec5a3a elementor-widget elementor-widget-spacer\" data-id=\"cec5a3a\" data-element_type=\"widget\" data-e-type=\"widget\" data-widget_type=\"spacer.default\">\n\t\t\t\t<div class=\"elementor-widget-container\">\n\t\t\t\t\t\t\t<div class=\"elementor-spacer\">\n\t\t\t<div class=\"elementor-spacer-inner\"><\/div>\n\t\t<\/div>\n\t\t\t\t\t\t<\/div>\n\t\t\t\t<\/div>\n\t\t\t\t\t<\/div>\n\t\t\t\t<\/div>\n\t\t<div class=\"elementor-element elementor-element-e22d942 e-flex e-con-boxed e-con e-parent\" data-id=\"e22d942\" data-element_type=\"container\" data-e-type=\"container\" data-settings=\"{&quot;jet_parallax_layout_list&quot;:[],&quot;background_background&quot;:&quot;classic&quot;}\">\n\t\t\t\t\t<div class=\"e-con-inner\">\n\t\t<div class=\"elementor-element elementor-element-06c39f5 e-con-full e-flex e-con e-child\" data-id=\"06c39f5\" data-element_type=\"container\" data-e-type=\"container\" data-settings=\"{&quot;jet_parallax_layout_list&quot;:[]}\">\n\t\t\t\t<div data-dce-title-color=\"#01395B\" class=\"elementor-element elementor-element-c84a533 elementor-widget elementor-widget-heading\" data-id=\"c84a533\" data-element_type=\"widget\" data-e-type=\"widget\" data-widget_type=\"heading.default\">\n\t\t\t\t<div class=\"elementor-widget-container\">\n\t\t\t\t\t<h2 class=\"elementor-heading-title elementor-size-default\">Notre mati\u00e8re grise...<\/h2>\t\t\t\t<\/div>\n\t\t\t\t<\/div>\n\t\t\t\t<div data-dce-text-color=\"#494949\" class=\"elementor-element elementor-element-bf69164 elementor-widget elementor-widget-text-editor\" data-id=\"bf69164\" data-element_type=\"widget\" data-e-type=\"widget\" data-widget_type=\"text-editor.default\">\n\t\t\t\t<div class=\"elementor-widget-container\">\n\t\t\t\t\t\t\t\t\t<p>Le partenariat entre Mike Yuval et Jack Sofer repose sur la collaboration et l\u2019int\u00e9grit\u00e9 \u2014 des valeurs qui sous-tendent le leadership des cofondateurs. Promouvant une culture de travail qui met en valeur le travail d\u2019\u00e9quipe et reconna\u00eet la force de la diversit\u00e9, Sofer et Yuval incitent leur \u00e9quipe \u00e0 aborder les projets avec le m\u00eame d\u00e9vouement et la m\u00eame ing\u00e9niosit\u00e9.<\/p>\t\t\t\t\t\t\t\t<\/div>\n\t\t\t\t<\/div>\n\t\t\t\t<\/div>\n\t\t\t\t\t<\/div>\n\t\t\t\t<\/div>\n\t\t<div class=\"elementor-element elementor-element-e76106f e-flex e-con-boxed e-con e-parent\" data-id=\"e76106f\" data-element_type=\"container\" data-e-type=\"container\" data-settings=\"{&quot;jet_parallax_layout_list&quot;:[]}\">\n\t\t\t\t\t<div class=\"e-con-inner\">\n\t\t\t\t<div class=\"elementor-element elementor-element-acf36f4 elementor-widget elementor-widget-jet-listing-grid\" data-id=\"acf36f4\" data-element_type=\"widget\" data-e-type=\"widget\" data-settings=\"{&quot;columns&quot;:&quot;1&quot;}\" data-widget_type=\"jet-listing-grid.default\">\n\t\t\t\t<div class=\"elementor-widget-container\">\n\t\t\t\t\t<div class=\"jet-listing-grid jet-listing\"><div class=\"jet-listing-grid__items grid-col-desk-1 grid-col-tablet-1 grid-col-mobile-1 jet-listing-grid--1110\" data-queried-id=\"7109|WP_Post\" data-nav=\"{&quot;enabled&quot;:false,&quot;type&quot;:null,&quot;more_el&quot;:null,&quot;query&quot;:[],&quot;widget_settings&quot;:{&quot;lisitng_id&quot;:1110,&quot;posts_num&quot;:20,&quot;columns&quot;:1,&quot;columns_tablet&quot;:1,&quot;columns_mobile&quot;:1,&quot;column_min_width&quot;:240,&quot;column_min_width_tablet&quot;:240,&quot;column_min_width_mobile&quot;:240,&quot;inline_columns_css&quot;:false,&quot;is_archive_template&quot;:&quot;&quot;,&quot;post_status&quot;:[&quot;publish&quot;],&quot;use_random_posts_num&quot;:&quot;&quot;,&quot;max_posts_num&quot;:9,&quot;not_found_message&quot;:&quot;No data was found&quot;,&quot;is_masonry&quot;:false,&quot;equal_columns_height&quot;:&quot;&quot;,&quot;use_load_more&quot;:&quot;&quot;,&quot;load_more_id&quot;:&quot;&quot;,&quot;load_more_type&quot;:&quot;click&quot;,&quot;load_more_offset&quot;:{&quot;unit&quot;:&quot;px&quot;,&quot;size&quot;:0,&quot;sizes&quot;:[]},&quot;use_custom_post_types&quot;:&quot;&quot;,&quot;custom_post_types&quot;:[],&quot;hide_widget_if&quot;:&quot;&quot;,&quot;carousel_enabled&quot;:&quot;&quot;,&quot;slides_to_scroll&quot;:&quot;1&quot;,&quot;arrows&quot;:&quot;true&quot;,&quot;arrow_icon&quot;:&quot;fa fa-angle-left&quot;,&quot;dots&quot;:&quot;&quot;,&quot;autoplay&quot;:&quot;true&quot;,&quot;pause_on_hover&quot;:&quot;true&quot;,&quot;autoplay_speed&quot;:5000,&quot;infinite&quot;:&quot;true&quot;,&quot;center_mode&quot;:&quot;&quot;,&quot;effect&quot;:&quot;slide&quot;,&quot;speed&quot;:500,&quot;inject_alternative_items&quot;:&quot;&quot;,&quot;injection_items&quot;:[],&quot;scroll_slider_enabled&quot;:&quot;&quot;,&quot;scroll_slider_on&quot;:[&quot;desktop&quot;,&quot;tablet&quot;,&quot;mobile&quot;],&quot;custom_query&quot;:false,&quot;custom_query_id&quot;:&quot;&quot;,&quot;_element_id&quot;:&quot;&quot;,&quot;collapse_first_last_gap&quot;:false,&quot;list_tag_selection&quot;:&quot;&quot;,&quot;list_items_wrapper_tag&quot;:&quot;div&quot;,&quot;list_item_tag&quot;:&quot;div&quot;,&quot;empty_items_wrapper_tag&quot;:&quot;div&quot;}}\" data-page=\"1\" data-pages=\"1\" data-listing-source=\"posts\" data-listing-id=\"1110\" data-query-id=\"\"><div class=\"jet-listing-grid__item jet-listing-dynamic-post-7311\" data-post-id=\"7311\"  ><style type=\"text\/css\">.jet-listing-dynamic-post-7311 .elementor-element.elementor-element-1fdf7bc:not(.elementor-motion-effects-element-type-background), .jet-listing-dynamic-post-7311 .elementor-element.elementor-element-1fdf7bc > .elementor-motion-effects-container > .elementor-motion-effects-layer{background-image:url(\"https:\/\/www.tidan.com\/wp-content\/uploads\/Mike-Yuval-web.jpg\");}<\/style><div class=\"jet-engine-listing-overlay-wrap\" data-url=\"https:\/\/www.tidan.com\/fr\/equipe\/mike-yuval\/\">\t\t<div data-elementor-type=\"jet-listing-items\" data-elementor-id=\"1110\" class=\"elementor elementor-1110\" data-elementor-post-type=\"jet-engine\">\n\t\t\t\t<div class=\"elementor-element elementor-element-735f4bf e-flex e-con-boxed e-con e-parent\" data-id=\"735f4bf\" data-element_type=\"container\" data-e-type=\"container\" data-settings=\"{&quot;jet_parallax_layout_list&quot;:[]}\">\n\t\t\t\t\t<div class=\"e-con-inner\">\n\t\t<div data-dce-background-image-url=\"https:\/\/www.tidan.com\/wp-content\/uploads\/Mike-Yuval-web.jpg\" class=\"elementor-element elementor-element-1fdf7bc team-hover-img e-con-full e-flex e-con e-child\" data-id=\"1fdf7bc\" data-element_type=\"container\" data-e-type=\"container\" data-settings=\"{&quot;background_background&quot;:&quot;classic&quot;,&quot;jet_parallax_layout_list&quot;:[]}\">\n\t\t\t\t<div class=\"elementor-element elementor-element-3dda58a elementor-widget elementor-widget-spacer\" data-id=\"3dda58a\" data-element_type=\"widget\" data-e-type=\"widget\" data-widget_type=\"spacer.default\">\n\t\t\t\t<div class=\"elementor-widget-container\">\n\t\t\t\t\t\t\t<div class=\"elementor-spacer\">\n\t\t\t<div class=\"elementor-spacer-inner\"><\/div>\n\t\t<\/div>\n\t\t\t\t\t\t<\/div>\n\t\t\t\t<\/div>\n\t\t\t\t<\/div>\n\t\t<div class=\"elementor-element elementor-element-81ca914 e-con-full e-flex e-con e-child\" data-id=\"81ca914\" data-element_type=\"container\" data-e-type=\"container\" data-settings=\"{&quot;background_background&quot;:&quot;classic&quot;,&quot;jet_parallax_layout_list&quot;:[]}\">\n\t\t\t\t<div class=\"elementor-element elementor-element-12e14b5 elementor-widget elementor-widget-heading\" data-id=\"12e14b5\" data-element_type=\"widget\" data-e-type=\"widget\" data-widget_type=\"heading.default\">\n\t\t\t\t<div class=\"elementor-widget-container\">\n\t\t\t\t\t<h3 class=\"elementor-heading-title elementor-size-default\">Mike Yuval<\/h3>\t\t\t\t<\/div>\n\t\t\t\t<\/div>\n\t\t\t\t<div data-dce-title-color=\"#FFFFFF\" class=\"elementor-element elementor-element-59d9679 elementor-widget elementor-widget-heading\" data-id=\"59d9679\" data-element_type=\"widget\" data-e-type=\"widget\" data-widget_type=\"heading.default\">\n\t\t\t\t<div class=\"elementor-widget-container\">\n\t\t\t\t\t<h2 class=\"elementor-heading-title elementor-size-default\">Cofondateur et codirecteur g\u00e9n\u00e9ral<\/h2>\t\t\t\t<\/div>\n\t\t\t\t<\/div>\n\t\t\t\t<div data-dce-title-color=\"#FFFFFF\" class=\"elementor-element elementor-element-9ac5dda jedv-enabled--yes elementor-widget elementor-widget-heading\" data-id=\"9ac5dda\" data-element_type=\"widget\" data-e-type=\"widget\" data-widget_type=\"heading.default\">\n\t\t\t\t<div class=\"elementor-widget-container\">\n\t\t\t\t\t<h2 class=\"elementor-heading-title elementor-size-default\"><a href=\"mailto:myuval@tidan.com\">myuval@tidan.com<\/a><\/h2>\t\t\t\t<\/div>\n\t\t\t\t<\/div>\n\t\t\t\t<\/div>\n\t\t\t\t\t<\/div>\n\t\t\t\t<\/div>\n\t\t\t\t<\/div>\n\t\t<a href=\"https:\/\/www.tidan.com\/fr\/equipe\/mike-yuval\/\" class=\"jet-engine-listing-overlay-link\"><\/a><\/div><\/div><div class=\"jet-listing-grid__item jet-listing-dynamic-post-7312\" data-post-id=\"7312\"  ><style type=\"text\/css\">.jet-listing-dynamic-post-7312 .elementor-element.elementor-element-1fdf7bc:not(.elementor-motion-effects-element-type-background), .jet-listing-dynamic-post-7312 .elementor-element.elementor-element-1fdf7bc > .elementor-motion-effects-container > .elementor-motion-effects-layer{background-image:url(\"https:\/\/www.tidan.com\/wp-content\/uploads\/Jack-Sofer-web.jpg\");}<\/style><div class=\"jet-engine-listing-overlay-wrap\" data-url=\"https:\/\/www.tidan.com\/fr\/equipe\/jack-sofer\/\">\t\t<div data-elementor-type=\"jet-listing-items\" data-elementor-id=\"1110\" class=\"elementor elementor-1110\" data-elementor-post-type=\"jet-engine\">\n\t\t\t\t<div class=\"elementor-element elementor-element-735f4bf e-flex e-con-boxed e-con e-parent\" data-id=\"735f4bf\" data-element_type=\"container\" data-e-type=\"container\" data-settings=\"{&quot;jet_parallax_layout_list&quot;:[]}\">\n\t\t\t\t\t<div class=\"e-con-inner\">\n\t\t<div data-dce-background-image-url=\"https:\/\/www.tidan.com\/wp-content\/uploads\/Jack-Sofer-web.jpg\" class=\"elementor-element elementor-element-1fdf7bc team-hover-img e-con-full e-flex e-con e-child\" data-id=\"1fdf7bc\" data-element_type=\"container\" data-e-type=\"container\" data-settings=\"{&quot;background_background&quot;:&quot;classic&quot;,&quot;jet_parallax_layout_list&quot;:[]}\">\n\t\t\t\t<div class=\"elementor-element elementor-element-3dda58a elementor-widget elementor-widget-spacer\" data-id=\"3dda58a\" data-element_type=\"widget\" data-e-type=\"widget\" data-widget_type=\"spacer.default\">\n\t\t\t\t<div class=\"elementor-widget-container\">\n\t\t\t\t\t\t\t<div class=\"elementor-spacer\">\n\t\t\t<div class=\"elementor-spacer-inner\"><\/div>\n\t\t<\/div>\n\t\t\t\t\t\t<\/div>\n\t\t\t\t<\/div>\n\t\t\t\t<\/div>\n\t\t<div class=\"elementor-element elementor-element-81ca914 e-con-full e-flex e-con e-child\" data-id=\"81ca914\" data-element_type=\"container\" data-e-type=\"container\" data-settings=\"{&quot;background_background&quot;:&quot;classic&quot;,&quot;jet_parallax_layout_list&quot;:[]}\">\n\t\t\t\t<div class=\"elementor-element elementor-element-12e14b5 elementor-widget elementor-widget-heading\" data-id=\"12e14b5\" data-element_type=\"widget\" data-e-type=\"widget\" data-widget_type=\"heading.default\">\n\t\t\t\t<div class=\"elementor-widget-container\">\n\t\t\t\t\t<h3 class=\"elementor-heading-title elementor-size-default\">Jack Sofer<\/h3>\t\t\t\t<\/div>\n\t\t\t\t<\/div>\n\t\t\t\t<div data-dce-title-color=\"#FFFFFF\" class=\"elementor-element elementor-element-59d9679 elementor-widget elementor-widget-heading\" data-id=\"59d9679\" data-element_type=\"widget\" data-e-type=\"widget\" data-widget_type=\"heading.default\">\n\t\t\t\t<div class=\"elementor-widget-container\">\n\t\t\t\t\t<h2 class=\"elementor-heading-title elementor-size-default\">Cofondateur et codirecteur g\u00e9n\u00e9ral<\/h2>\t\t\t\t<\/div>\n\t\t\t\t<\/div>\n\t\t\t\t<div data-dce-title-color=\"#FFFFFF\" class=\"elementor-element elementor-element-9ac5dda jedv-enabled--yes elementor-widget elementor-widget-heading\" data-id=\"9ac5dda\" data-element_type=\"widget\" data-e-type=\"widget\" data-widget_type=\"heading.default\">\n\t\t\t\t<div class=\"elementor-widget-container\">\n\t\t\t\t\t<h2 class=\"elementor-heading-title elementor-size-default\"><a href=\"mailto:jsofer@tidan.com\">jsofer@tidan.com<\/a><\/h2>\t\t\t\t<\/div>\n\t\t\t\t<\/div>\n\t\t\t\t<\/div>\n\t\t\t\t\t<\/div>\n\t\t\t\t<\/div>\n\t\t\t\t<\/div>\n\t\t<a href=\"https:\/\/www.tidan.com\/fr\/equipe\/jack-sofer\/\" class=\"jet-engine-listing-overlay-link\"><\/a><\/div><\/div><div class=\"jet-listing-grid__item jet-listing-dynamic-post-7313\" data-post-id=\"7313\"  ><style type=\"text\/css\">.jet-listing-dynamic-post-7313 .elementor-element.elementor-element-1fdf7bc:not(.elementor-motion-effects-element-type-background), .jet-listing-dynamic-post-7313 .elementor-element.elementor-element-1fdf7bc > .elementor-motion-effects-container > .elementor-motion-effects-layer{background-image:url(\"https:\/\/www.tidan.com\/wp-content\/uploads\/Phil-Guerin-web.jpg\");}<\/style><div class=\"jet-engine-listing-overlay-wrap\" data-url=\"https:\/\/www.tidan.com\/fr\/equipe\/phil-guerin\/\">\t\t<div data-elementor-type=\"jet-listing-items\" data-elementor-id=\"1110\" class=\"elementor elementor-1110\" data-elementor-post-type=\"jet-engine\">\n\t\t\t\t<div class=\"elementor-element elementor-element-735f4bf e-flex e-con-boxed e-con e-parent\" data-id=\"735f4bf\" data-element_type=\"container\" data-e-type=\"container\" data-settings=\"{&quot;jet_parallax_layout_list&quot;:[]}\">\n\t\t\t\t\t<div class=\"e-con-inner\">\n\t\t<div data-dce-background-image-url=\"https:\/\/www.tidan.com\/wp-content\/uploads\/Phil-Guerin-web.jpg\" class=\"elementor-element elementor-element-1fdf7bc team-hover-img e-con-full e-flex e-con e-child\" data-id=\"1fdf7bc\" data-element_type=\"container\" data-e-type=\"container\" data-settings=\"{&quot;background_background&quot;:&quot;classic&quot;,&quot;jet_parallax_layout_list&quot;:[]}\">\n\t\t\t\t<div class=\"elementor-element elementor-element-3dda58a elementor-widget elementor-widget-spacer\" data-id=\"3dda58a\" data-element_type=\"widget\" data-e-type=\"widget\" data-widget_type=\"spacer.default\">\n\t\t\t\t<div class=\"elementor-widget-container\">\n\t\t\t\t\t\t\t<div class=\"elementor-spacer\">\n\t\t\t<div class=\"elementor-spacer-inner\"><\/div>\n\t\t<\/div>\n\t\t\t\t\t\t<\/div>\n\t\t\t\t<\/div>\n\t\t\t\t<\/div>\n\t\t<div class=\"elementor-element elementor-element-81ca914 e-con-full e-flex e-con e-child\" data-id=\"81ca914\" data-element_type=\"container\" data-e-type=\"container\" data-settings=\"{&quot;background_background&quot;:&quot;classic&quot;,&quot;jet_parallax_layout_list&quot;:[]}\">\n\t\t\t\t<div class=\"elementor-element elementor-element-12e14b5 elementor-widget elementor-widget-heading\" data-id=\"12e14b5\" data-element_type=\"widget\" data-e-type=\"widget\" data-widget_type=\"heading.default\">\n\t\t\t\t<div class=\"elementor-widget-container\">\n\t\t\t\t\t<h3 class=\"elementor-heading-title elementor-size-default\">Phil Guerin<\/h3>\t\t\t\t<\/div>\n\t\t\t\t<\/div>\n\t\t\t\t<div data-dce-title-color=\"#FFFFFF\" class=\"elementor-element elementor-element-59d9679 elementor-widget elementor-widget-heading\" data-id=\"59d9679\" data-element_type=\"widget\" data-e-type=\"widget\" data-widget_type=\"heading.default\">\n\t\t\t\t<div class=\"elementor-widget-container\">\n\t\t\t\t\t<h2 class=\"elementor-heading-title elementor-size-default\">Vice-pr\u00e9sident ex\u00e9cutif et directeur des op\u00e9rations<\/h2>\t\t\t\t<\/div>\n\t\t\t\t<\/div>\n\t\t\t\t<div data-dce-title-color=\"#FFFFFF\" class=\"elementor-element elementor-element-9ac5dda jedv-enabled--yes elementor-widget elementor-widget-heading\" data-id=\"9ac5dda\" data-element_type=\"widget\" data-e-type=\"widget\" data-widget_type=\"heading.default\">\n\t\t\t\t<div class=\"elementor-widget-container\">\n\t\t\t\t\t<h2 class=\"elementor-heading-title elementor-size-default\"><a href=\"mailto:pguerin@tidan.com\">pguerin@tidan.com<\/a><\/h2>\t\t\t\t<\/div>\n\t\t\t\t<\/div>\n\t\t\t\t<\/div>\n\t\t\t\t\t<\/div>\n\t\t\t\t<\/div>\n\t\t\t\t<\/div>\n\t\t<a href=\"https:\/\/www.tidan.com\/fr\/equipe\/phil-guerin\/\" class=\"jet-engine-listing-overlay-link\"><\/a><\/div><\/div><div class=\"jet-listing-grid__item jet-listing-dynamic-post-7314\" data-post-id=\"7314\"  ><style type=\"text\/css\">.jet-listing-dynamic-post-7314 .elementor-element.elementor-element-1fdf7bc:not(.elementor-motion-effects-element-type-background), .jet-listing-dynamic-post-7314 .elementor-element.elementor-element-1fdf7bc > .elementor-motion-effects-container > .elementor-motion-effects-layer{background-image:url(\"https:\/\/www.tidan.com\/wp-content\/uploads\/Frank-Vela-web.jpg\");}<\/style><div class=\"jet-engine-listing-overlay-wrap\" data-url=\"https:\/\/www.tidan.com\/fr\/equipe\/frank-vela\/\">\t\t<div data-elementor-type=\"jet-listing-items\" data-elementor-id=\"1110\" class=\"elementor elementor-1110\" data-elementor-post-type=\"jet-engine\">\n\t\t\t\t<div class=\"elementor-element elementor-element-735f4bf e-flex e-con-boxed e-con e-parent\" data-id=\"735f4bf\" data-element_type=\"container\" data-e-type=\"container\" data-settings=\"{&quot;jet_parallax_layout_list&quot;:[]}\">\n\t\t\t\t\t<div class=\"e-con-inner\">\n\t\t<div data-dce-background-image-url=\"https:\/\/www.tidan.com\/wp-content\/uploads\/Frank-Vela-web.jpg\" class=\"elementor-element elementor-element-1fdf7bc team-hover-img e-con-full e-flex e-con e-child\" data-id=\"1fdf7bc\" data-element_type=\"container\" data-e-type=\"container\" data-settings=\"{&quot;background_background&quot;:&quot;classic&quot;,&quot;jet_parallax_layout_list&quot;:[]}\">\n\t\t\t\t<div class=\"elementor-element elementor-element-3dda58a elementor-widget elementor-widget-spacer\" data-id=\"3dda58a\" data-element_type=\"widget\" data-e-type=\"widget\" data-widget_type=\"spacer.default\">\n\t\t\t\t<div class=\"elementor-widget-container\">\n\t\t\t\t\t\t\t<div class=\"elementor-spacer\">\n\t\t\t<div class=\"elementor-spacer-inner\"><\/div>\n\t\t<\/div>\n\t\t\t\t\t\t<\/div>\n\t\t\t\t<\/div>\n\t\t\t\t<\/div>\n\t\t<div class=\"elementor-element elementor-element-81ca914 e-con-full e-flex e-con e-child\" data-id=\"81ca914\" data-element_type=\"container\" data-e-type=\"container\" data-settings=\"{&quot;background_background&quot;:&quot;classic&quot;,&quot;jet_parallax_layout_list&quot;:[]}\">\n\t\t\t\t<div class=\"elementor-element elementor-element-12e14b5 elementor-widget elementor-widget-heading\" data-id=\"12e14b5\" data-element_type=\"widget\" data-e-type=\"widget\" data-widget_type=\"heading.default\">\n\t\t\t\t<div class=\"elementor-widget-container\">\n\t\t\t\t\t<h3 class=\"elementor-heading-title elementor-size-default\">Frank Vela<\/h3>\t\t\t\t<\/div>\n\t\t\t\t<\/div>\n\t\t\t\t<div data-dce-title-color=\"#FFFFFF\" class=\"elementor-element elementor-element-59d9679 elementor-widget elementor-widget-heading\" data-id=\"59d9679\" data-element_type=\"widget\" data-e-type=\"widget\" data-widget_type=\"heading.default\">\n\t\t\t\t<div class=\"elementor-widget-container\">\n\t\t\t\t\t<h2 class=\"elementor-heading-title elementor-size-default\">Vice-pr\u00e9sident ex\u00e9cutif et directeur financier<\/h2>\t\t\t\t<\/div>\n\t\t\t\t<\/div>\n\t\t\t\t<div data-dce-title-color=\"#FFFFFF\" class=\"elementor-element elementor-element-9ac5dda jedv-enabled--yes elementor-widget elementor-widget-heading\" data-id=\"9ac5dda\" data-element_type=\"widget\" data-e-type=\"widget\" data-widget_type=\"heading.default\">\n\t\t\t\t<div class=\"elementor-widget-container\">\n\t\t\t\t\t<h2 class=\"elementor-heading-title elementor-size-default\"><a href=\"mailto:fvela@tidan.com\">fvela@tidan.com<\/a><\/h2>\t\t\t\t<\/div>\n\t\t\t\t<\/div>\n\t\t\t\t<\/div>\n\t\t\t\t\t<\/div>\n\t\t\t\t<\/div>\n\t\t\t\t<\/div>\n\t\t<a href=\"https:\/\/www.tidan.com\/fr\/equipe\/frank-vela\/\" class=\"jet-engine-listing-overlay-link\"><\/a><\/div><\/div><div class=\"jet-listing-grid__item jet-listing-dynamic-post-7315\" data-post-id=\"7315\"  ><style type=\"text\/css\">.jet-listing-dynamic-post-7315 .elementor-element.elementor-element-1fdf7bc:not(.elementor-motion-effects-element-type-background), .jet-listing-dynamic-post-7315 .elementor-element.elementor-element-1fdf7bc > .elementor-motion-effects-container > .elementor-motion-effects-layer{background-image:url(\"https:\/\/www.tidan.com\/wp-content\/uploads\/Serge-Capozzo-web.jpg\");}<\/style><div class=\"jet-engine-listing-overlay-wrap\" data-url=\"https:\/\/www.tidan.com\/fr\/equipe\/serge-capozzo\/\">\t\t<div data-elementor-type=\"jet-listing-items\" data-elementor-id=\"1110\" class=\"elementor elementor-1110\" data-elementor-post-type=\"jet-engine\">\n\t\t\t\t<div class=\"elementor-element elementor-element-735f4bf e-flex e-con-boxed e-con e-parent\" data-id=\"735f4bf\" data-element_type=\"container\" data-e-type=\"container\" data-settings=\"{&quot;jet_parallax_layout_list&quot;:[]}\">\n\t\t\t\t\t<div class=\"e-con-inner\">\n\t\t<div data-dce-background-image-url=\"https:\/\/www.tidan.com\/wp-content\/uploads\/Serge-Capozzo-web.jpg\" class=\"elementor-element elementor-element-1fdf7bc team-hover-img e-con-full e-flex e-con e-child\" data-id=\"1fdf7bc\" data-element_type=\"container\" data-e-type=\"container\" data-settings=\"{&quot;background_background&quot;:&quot;classic&quot;,&quot;jet_parallax_layout_list&quot;:[]}\">\n\t\t\t\t<div class=\"elementor-element elementor-element-3dda58a elementor-widget elementor-widget-spacer\" data-id=\"3dda58a\" data-element_type=\"widget\" data-e-type=\"widget\" data-widget_type=\"spacer.default\">\n\t\t\t\t<div class=\"elementor-widget-container\">\n\t\t\t\t\t\t\t<div class=\"elementor-spacer\">\n\t\t\t<div class=\"elementor-spacer-inner\"><\/div>\n\t\t<\/div>\n\t\t\t\t\t\t<\/div>\n\t\t\t\t<\/div>\n\t\t\t\t<\/div>\n\t\t<div class=\"elementor-element elementor-element-81ca914 e-con-full e-flex e-con e-child\" data-id=\"81ca914\" data-element_type=\"container\" data-e-type=\"container\" data-settings=\"{&quot;background_background&quot;:&quot;classic&quot;,&quot;jet_parallax_layout_list&quot;:[]}\">\n\t\t\t\t<div class=\"elementor-element elementor-element-12e14b5 elementor-widget elementor-widget-heading\" data-id=\"12e14b5\" data-element_type=\"widget\" data-e-type=\"widget\" data-widget_type=\"heading.default\">\n\t\t\t\t<div class=\"elementor-widget-container\">\n\t\t\t\t\t<h3 class=\"elementor-heading-title elementor-size-default\">Me Serge Capozzo<\/h3>\t\t\t\t<\/div>\n\t\t\t\t<\/div>\n\t\t\t\t<div data-dce-title-color=\"#FFFFFF\" class=\"elementor-element elementor-element-59d9679 elementor-widget elementor-widget-heading\" data-id=\"59d9679\" data-element_type=\"widget\" data-e-type=\"widget\" data-widget_type=\"heading.default\">\n\t\t\t\t<div class=\"elementor-widget-container\">\n\t\t\t\t\t<h2 class=\"elementor-heading-title elementor-size-default\">Directeur des affaires juridiques<\/h2>\t\t\t\t<\/div>\n\t\t\t\t<\/div>\n\t\t\t\t<div data-dce-title-color=\"#FFFFFF\" class=\"elementor-element elementor-element-9ac5dda jedv-enabled--yes elementor-widget elementor-widget-heading\" data-id=\"9ac5dda\" data-element_type=\"widget\" data-e-type=\"widget\" data-widget_type=\"heading.default\">\n\t\t\t\t<div class=\"elementor-widget-container\">\n\t\t\t\t\t<h2 class=\"elementor-heading-title elementor-size-default\"><a href=\"mailto:scapozzo@tidan.com\">scapozzo@tidan.com<\/a><\/h2>\t\t\t\t<\/div>\n\t\t\t\t<\/div>\n\t\t\t\t<\/div>\n\t\t\t\t\t<\/div>\n\t\t\t\t<\/div>\n\t\t\t\t<\/div>\n\t\t<a href=\"https:\/\/www.tidan.com\/fr\/equipe\/serge-capozzo\/\" class=\"jet-engine-listing-overlay-link\"><\/a><\/div><\/div><\/div><\/div>\t\t\t\t<\/div>\n\t\t\t\t<\/div>\n\t\t\t\t\t<\/div>\n\t\t\t\t<\/div>\n\t\t\t\t<\/div>\n\t\t","protected":false},"excerpt":{"rendered":"<p>LEADERSHIP Notre mati\u00e8re grise&#8230; Le partenariat entre Mike Yuval et Jack Sofer repose sur la collaboration et l\u2019int\u00e9grit\u00e9 \u2014 des valeurs qui sous-tendent le leadership des cofondateurs. Promouvant une culture de travail qui met en valeur le travail d\u2019\u00e9quipe et reconna\u00eet la force de la diversit\u00e9, Sofer et Yuval incitent leur \u00e9quipe \u00e0 aborder les [&hellip;]<\/p>\n","protected":false},"author":1,"featured_media":0,"parent":7114,"menu_order":0,"comment_status":"closed","ping_status":"closed","template":"","meta":{"_acf_changed":false,"_seopress_robots_primary_cat":"","_seopress_titles_title":"","_seopress_titles_desc":"","_seopress_robots_index":"","footnotes":""},"class_list":["post-7109","page","type-page","status-publish","hentry"],"acf":[],"_links":{"self":[{"href":"https:\/\/www.tidan.com\/fr\/wp-json\/wp\/v2\/pages\/7109","targetHints":{"allow":["GET"]}}],"collection":[{"href":"https:\/\/www.tidan.com\/fr\/wp-json\/wp\/v2\/pages"}],"about":[{"href":"https:\/\/www.tidan.com\/fr\/wp-json\/wp\/v2\/types\/page"}],"author":[{"embeddable":true,"href":"https:\/\/www.tidan.com\/fr\/wp-json\/wp\/v2\/users\/1"}],"replies":[{"embeddable":true,"href":"https:\/\/www.tidan.com\/fr\/wp-json\/wp\/v2\/comments?post=7109"}],"version-history":[{"count":6,"href":"https:\/\/www.tidan.com\/fr\/wp-json\/wp\/v2\/pages\/7109\/revisions"}],"predecessor-version":[{"id":7558,"href":"https:\/\/www.tidan.com\/fr\/wp-json\/wp\/v2\/pages\/7109\/revisions\/7558"}],"up":[{"embeddable":true,"href":"https:\/\/www.tidan.com\/fr\/wp-json\/wp\/v2\/pages\/7114"}],"wp:attachment":[{"href":"https:\/\/www.tidan.com\/fr\/wp-json\/wp\/v2\/media?parent=7109"}],"curies":[{"name":"wp","href":"https:\/\/api.w.org\/{rel}","templated":true}]}}